{"id":506,"date":"2025-12-13T20:00:42","date_gmt":"2025-12-13T19:00:42","guid":{"rendered":"https:\/\/shop.d20.si\/?post_type=product&#038;p=506"},"modified":"2026-04-30T09:11:25","modified_gmt":"2026-04-30T08:11:25","slug":"dd-oddih-cirkus-usode-srebrna-karta","status":"publish","type":"product","link":"https:\/\/shop.d20.si\/?product=dd-oddih-cirkus-usode-srebrna-karta","title":{"rendered":"D&#038;D oddih Cirkus usode: Srebrna karta"},"content":{"rendered":"<p>Litija, 16. &#8211; 18. 7. 2025<\/p>\n<p><span style=\"font-weight: 400;\">Cena vstopnice vklju\u010duje nastanitev, hrano in brezalkoholno pija\u010do. Poleg treh glavnih obrokov bomo tekom dneva ponudili \u0161e prigrizke, postregli z alternativami brez alergenov in poskrbeli za druge prehranske posebnosti. \u017dejni pustolovci si bodo lahko za dodaten srebrnik ali dva v kr\u010dmi naro\u010dili tudi kaj mo\u010dnej\u0161ega.<\/span><\/p>\n<p><span style=\"font-weight: 400;\">Napnite lasten \u0161otor na bolj mirnem delu kampa. \u0160otori\u0161\u010de bo postavljeno na zelenici dale\u010d od ve\u010dernega rajanja. Duh dru\u017eabnosti in tovari\u0161tva kot priti\u010de delavcem cirkusa lahko izkusite tudi sami, naj se aristokrati tla\u010dijo pod klime!\u00a0<\/span><\/p>\n<ul>\n<li><span style=\"font-weight: 400;\">prostor za lasten \u0161otor\u00a0<\/span><\/li>\n<li><span style=\"font-weight: 400;\">vsebinski program\u00a0<\/span><\/li>\n<li><span style=\"font-weight: 400;\">hrana in brezalkoholna pija\u010da\u00a0<\/span><\/li>\n<li><span style=\"font-weight: 400;\">5 srebrnikov<\/span><\/li>\n<\/ul>\n<p>Ve\u010d info na: https:\/\/d20.si\/dnd-oddih-2026\/<\/p>\n","protected":false},"excerpt":{"rendered":"<p><span style=\"font-weight: 400;\">Napnite lasten \u0161otor na bolj mirnem delu kampa. \u0160otori\u0161\u010de bo postavljeno na zelenici dale\u010d od ve\u010dernega rajanja. Duh dru\u017eabnosti in tovari\u0161tva kot priti\u010de delavcem cirkusa lahko izkusite tudi sami, naj se aristokrati tla\u010dijo pod klime!\u00a0<\/span><\/p>\n","protected":false},"featured_media":513,"template":"","meta":[],"product_brand":[],"product_cat":[45,46],"product_tag":[52],"class_list":{"0":"post-506","1":"product","2":"type-product","3":"status-publish","4":"has-post-thumbnail","6":"product_cat-dd-retreat","7":"product_cat-dd-retreat-tickets","8":"product_tag-ad20-dndoddih-2026","10":"first","11":"outofstock","12":"virtual","13":"purchasable","14":"product-type-simple"},"yoast_head":"<!-- This site is optimized with the Yoast SEO plugin v27.5 - https:\/\/yoast.com\/product\/yoast-seo-wordpress\/ -->\n<title>D&amp;D oddih Cirkus usode: Srebrna karta - Amulet D20 Shop<\/title>\n<meta name=\"robots\" content=\"index, follow, max-snippet:-1, max-image-preview:large, max-video-preview:-1\" \/>\n<link rel=\"canonical\" href=\"https:\/\/shop.d20.si\/?product=dd-oddih-cirkus-usode-srebrna-karta\" \/>\n<meta property=\"og:locale\" content=\"en_GB\" \/>\n<meta property=\"og:type\" content=\"article\" \/>\n<meta property=\"og:title\" content=\"D&amp;D oddih Cirkus usode: Srebrna karta - Amulet D20 Shop\" \/>\n<meta property=\"og:description\" content=\"Napnite lasten \u0161otor na bolj mirnem delu kampa. \u0160otori\u0161\u010de bo postavljeno na zelenici dale\u010d od ve\u010dernega rajanja. Duh dru\u017eabnosti in tovari\u0161tva kot priti\u010de delavcem cirkusa lahko izkusite tudi sami, naj se aristokrati tla\u010dijo pod klime!\u00a0\" \/>\n<meta property=\"og:url\" content=\"https:\/\/shop.d20.si\/?product=dd-oddih-cirkus-usode-srebrna-karta\" \/>\n<meta property=\"og:site_name\" content=\"Amulet D20 Shop\" \/>\n<meta property=\"article:publisher\" content=\"https:\/\/www.facebook.com\/amuletd20\/\" \/>\n<meta property=\"article:modified_time\" content=\"2026-04-30T08:11:25+00:00\" \/>\n<meta property=\"og:image\" content=\"https:\/\/shop.d20.si\/wp-content\/uploads\/2025\/12\/CU_insta1_1.jpg\" \/>\n\t<meta property=\"og:image:width\" content=\"1080\" \/>\n\t<meta property=\"og:image:height\" content=\"1080\" \/>\n\t<meta property=\"og:image:type\" content=\"image\/jpeg\" \/>\n<meta name=\"twitter:card\" content=\"summary_large_image\" \/>\n<meta name=\"twitter:label1\" content=\"Estimated reading time\" \/>\n\t<meta name=\"twitter:data1\" content=\"1 minute\" \/>\n<script type=\"application\/ld+json\" class=\"yoast-schema-graph\">{\"@context\":\"https:\\\/\\\/schema.org\",\"@graph\":[{\"@type\":\"WebPage\",\"@id\":\"https:\\\/\\\/shop.d20.si\\\/?product=dd-oddih-cirkus-usode-srebrna-karta\",\"url\":\"https:\\\/\\\/shop.d20.si\\\/?product=dd-oddih-cirkus-usode-srebrna-karta\",\"name\":\"D&D oddih Cirkus usode: Srebrna karta - Amulet D20 Shop\",\"isPartOf\":{\"@id\":\"https:\\\/\\\/shop.d20.si\\\/#website\"},\"primaryImageOfPage\":{\"@id\":\"https:\\\/\\\/shop.d20.si\\\/?product=dd-oddih-cirkus-usode-srebrna-karta#primaryimage\"},\"image\":{\"@id\":\"https:\\\/\\\/shop.d20.si\\\/?product=dd-oddih-cirkus-usode-srebrna-karta#primaryimage\"},\"thumbnailUrl\":\"https:\\\/\\\/shop.d20.si\\\/wp-content\\\/uploads\\\/2025\\\/12\\\/CU_insta1_1.jpg\",\"datePublished\":\"2025-12-13T19:00:42+00:00\",\"dateModified\":\"2026-04-30T08:11:25+00:00\",\"breadcrumb\":{\"@id\":\"https:\\\/\\\/shop.d20.si\\\/?product=dd-oddih-cirkus-usode-srebrna-karta#breadcrumb\"},\"inLanguage\":\"en-GB\",\"potentialAction\":[{\"@type\":\"ReadAction\",\"target\":[\"https:\\\/\\\/shop.d20.si\\\/?product=dd-oddih-cirkus-usode-srebrna-karta\"]}]},{\"@type\":\"ImageObject\",\"inLanguage\":\"en-GB\",\"@id\":\"https:\\\/\\\/shop.d20.si\\\/?product=dd-oddih-cirkus-usode-srebrna-karta#primaryimage\",\"url\":\"https:\\\/\\\/shop.d20.si\\\/wp-content\\\/uploads\\\/2025\\\/12\\\/CU_insta1_1.jpg\",\"contentUrl\":\"https:\\\/\\\/shop.d20.si\\\/wp-content\\\/uploads\\\/2025\\\/12\\\/CU_insta1_1.jpg\",\"width\":1080,\"height\":1080},{\"@type\":\"BreadcrumbList\",\"@id\":\"https:\\\/\\\/shop.d20.si\\\/?product=dd-oddih-cirkus-usode-srebrna-karta#breadcrumb\",\"itemListElement\":[{\"@type\":\"ListItem\",\"position\":1,\"name\":\"Home\",\"item\":\"https:\\\/\\\/shop.d20.si\\\/\"},{\"@type\":\"ListItem\",\"position\":2,\"name\":\"Trgovina\",\"item\":\"https:\\\/\\\/shop.d20.si\\\/?page_id=6\"},{\"@type\":\"ListItem\",\"position\":3,\"name\":\"D&#038;D oddih Cirkus usode: Srebrna karta\"}]},{\"@type\":\"WebSite\",\"@id\":\"https:\\\/\\\/shop.d20.si\\\/#website\",\"url\":\"https:\\\/\\\/shop.d20.si\\\/\",\"name\":\"Amulet D20 Shop\",\"description\":\"Merging fantasy with reality\",\"publisher\":{\"@id\":\"https:\\\/\\\/shop.d20.si\\\/#organization\"},\"potentialAction\":[{\"@type\":\"SearchAction\",\"target\":{\"@type\":\"EntryPoint\",\"urlTemplate\":\"https:\\\/\\\/shop.d20.si\\\/?s={search_term_string}\"},\"query-input\":{\"@type\":\"PropertyValueSpecification\",\"valueRequired\":true,\"valueName\":\"search_term_string\"}}],\"inLanguage\":\"en-GB\"},{\"@type\":\"Organization\",\"@id\":\"https:\\\/\\\/shop.d20.si\\\/#organization\",\"name\":\"Amulet D20 Shop\",\"url\":\"https:\\\/\\\/shop.d20.si\\\/\",\"logo\":{\"@type\":\"ImageObject\",\"inLanguage\":\"en-GB\",\"@id\":\"https:\\\/\\\/shop.d20.si\\\/#\\\/schema\\\/logo\\\/image\\\/\",\"url\":\"https:\\\/\\\/shop.d20.si\\\/wp-content\\\/uploads\\\/2025\\\/02\\\/cropped-Logo-AmuletD20-mali.png\",\"contentUrl\":\"https:\\\/\\\/shop.d20.si\\\/wp-content\\\/uploads\\\/2025\\\/02\\\/cropped-Logo-AmuletD20-mali.png\",\"width\":763,\"height\":434,\"caption\":\"Amulet D20 Shop\"},\"image\":{\"@id\":\"https:\\\/\\\/shop.d20.si\\\/#\\\/schema\\\/logo\\\/image\\\/\"},\"sameAs\":[\"https:\\\/\\\/www.facebook.com\\\/amuletd20\\\/\",\"https:\\\/\\\/www.instagram.com\\\/amulet_d20\\\/\",\"https:\\\/\\\/discord.com\\\/invite\\\/s5PRtVbSyr\"]}]}<\/script>\n<!-- \/ Yoast SEO plugin. -->","yoast_head_json":{"title":"D&D oddih Cirkus usode: Srebrna karta - Amulet D20 Shop","robots":{"index":"index","follow":"follow","max-snippet":"max-snippet:-1","max-image-preview":"max-image-preview:large","max-video-preview":"max-video-preview:-1"},"canonical":"https:\/\/shop.d20.si\/?product=dd-oddih-cirkus-usode-srebrna-karta","og_locale":"en_GB","og_type":"article","og_title":"D&D oddih Cirkus usode: Srebrna karta - Amulet D20 Shop","og_description":"Napnite lasten \u0161otor na bolj mirnem delu kampa. \u0160otori\u0161\u010de bo postavljeno na zelenici dale\u010d od ve\u010dernega rajanja. Duh dru\u017eabnosti in tovari\u0161tva kot priti\u010de delavcem cirkusa lahko izkusite tudi sami, naj se aristokrati tla\u010dijo pod klime!\u00a0","og_url":"https:\/\/shop.d20.si\/?product=dd-oddih-cirkus-usode-srebrna-karta","og_site_name":"Amulet D20 Shop","article_publisher":"https:\/\/www.facebook.com\/amuletd20\/","article_modified_time":"2026-04-30T08:11:25+00:00","og_image":[{"width":1080,"height":1080,"url":"https:\/\/shop.d20.si\/wp-content\/uploads\/2025\/12\/CU_insta1_1.jpg","type":"image\/jpeg"}],"twitter_card":"summary_large_image","twitter_misc":{"Estimated reading time":"1 minute"},"schema":{"@context":"https:\/\/schema.org","@graph":[{"@type":"WebPage","@id":"https:\/\/shop.d20.si\/?product=dd-oddih-cirkus-usode-srebrna-karta","url":"https:\/\/shop.d20.si\/?product=dd-oddih-cirkus-usode-srebrna-karta","name":"D&D oddih Cirkus usode: Srebrna karta - Amulet D20 Shop","isPartOf":{"@id":"https:\/\/shop.d20.si\/#website"},"primaryImageOfPage":{"@id":"https:\/\/shop.d20.si\/?product=dd-oddih-cirkus-usode-srebrna-karta#primaryimage"},"image":{"@id":"https:\/\/shop.d20.si\/?product=dd-oddih-cirkus-usode-srebrna-karta#primaryimage"},"thumbnailUrl":"https:\/\/shop.d20.si\/wp-content\/uploads\/2025\/12\/CU_insta1_1.jpg","datePublished":"2025-12-13T19:00:42+00:00","dateModified":"2026-04-30T08:11:25+00:00","breadcrumb":{"@id":"https:\/\/shop.d20.si\/?product=dd-oddih-cirkus-usode-srebrna-karta#breadcrumb"},"inLanguage":"en-GB","potentialAction":[{"@type":"ReadAction","target":["https:\/\/shop.d20.si\/?product=dd-oddih-cirkus-usode-srebrna-karta"]}]},{"@type":"ImageObject","inLanguage":"en-GB","@id":"https:\/\/shop.d20.si\/?product=dd-oddih-cirkus-usode-srebrna-karta#primaryimage","url":"https:\/\/shop.d20.si\/wp-content\/uploads\/2025\/12\/CU_insta1_1.jpg","contentUrl":"https:\/\/shop.d20.si\/wp-content\/uploads\/2025\/12\/CU_insta1_1.jpg","width":1080,"height":1080},{"@type":"BreadcrumbList","@id":"https:\/\/shop.d20.si\/?product=dd-oddih-cirkus-usode-srebrna-karta#breadcrumb","itemListElement":[{"@type":"ListItem","position":1,"name":"Home","item":"https:\/\/shop.d20.si\/"},{"@type":"ListItem","position":2,"name":"Trgovina","item":"https:\/\/shop.d20.si\/?page_id=6"},{"@type":"ListItem","position":3,"name":"D&#038;D oddih Cirkus usode: Srebrna karta"}]},{"@type":"WebSite","@id":"https:\/\/shop.d20.si\/#website","url":"https:\/\/shop.d20.si\/","name":"Amulet D20 Shop","description":"Merging fantasy with reality","publisher":{"@id":"https:\/\/shop.d20.si\/#organization"},"potentialAction":[{"@type":"SearchAction","target":{"@type":"EntryPoint","urlTemplate":"https:\/\/shop.d20.si\/?s={search_term_string}"},"query-input":{"@type":"PropertyValueSpecification","valueRequired":true,"valueName":"search_term_string"}}],"inLanguage":"en-GB"},{"@type":"Organization","@id":"https:\/\/shop.d20.si\/#organization","name":"Amulet D20 Shop","url":"https:\/\/shop.d20.si\/","logo":{"@type":"ImageObject","inLanguage":"en-GB","@id":"https:\/\/shop.d20.si\/#\/schema\/logo\/image\/","url":"https:\/\/shop.d20.si\/wp-content\/uploads\/2025\/02\/cropped-Logo-AmuletD20-mali.png","contentUrl":"https:\/\/shop.d20.si\/wp-content\/uploads\/2025\/02\/cropped-Logo-AmuletD20-mali.png","width":763,"height":434,"caption":"Amulet D20 Shop"},"image":{"@id":"https:\/\/shop.d20.si\/#\/schema\/logo\/image\/"},"sameAs":["https:\/\/www.facebook.com\/amuletd20\/","https:\/\/www.instagram.com\/amulet_d20\/","https:\/\/discord.com\/invite\/s5PRtVbSyr"]}]}},"_links":{"self":[{"href":"https:\/\/shop.d20.si\/index.php?rest_route=\/wp\/v2\/product\/506","targetHints":{"allow":["GET"]}}],"collection":[{"href":"https:\/\/shop.d20.si\/index.php?rest_route=\/wp\/v2\/product"}],"about":[{"href":"https:\/\/shop.d20.si\/index.php?rest_route=\/wp\/v2\/types\/product"}],"wp:featuredmedia":[{"embeddable":true,"href":"https:\/\/shop.d20.si\/index.php?rest_route=\/wp\/v2\/media\/513"}],"wp:attachment":[{"href":"https:\/\/shop.d20.si\/index.php?rest_route=%2Fwp%2Fv2%2Fmedia&parent=506"}],"wp:term":[{"taxonomy":"product_brand","embeddable":true,"href":"https:\/\/shop.d20.si\/index.php?rest_route=%2Fwp%2Fv2%2Fproduct_brand&post=506"},{"taxonomy":"product_cat","embeddable":true,"href":"https:\/\/shop.d20.si\/index.php?rest_route=%2Fwp%2Fv2%2Fproduct_cat&post=506"},{"taxonomy":"product_tag","embeddable":true,"href":"https:\/\/shop.d20.si\/index.php?rest_route=%2Fwp%2Fv2%2Fproduct_tag&post=506"}],"curies":[{"name":"wp","href":"https:\/\/api.w.org\/{rel}","templated":true}]}}